{"id":1064,"date":"2020-06-08T14:52:50","date_gmt":"2020-06-08T18:52:50","guid":{"rendered":"https:\/\/bbimmigration.ca\/services\/"},"modified":"2025-09-10T09:18:50","modified_gmt":"2025-09-10T13:18:50","slug":"servicios","status":"publish","type":"page","link":"https:\/\/bbimmigration.ca\/es\/servicios\/","title":{"rendered":"Servicios"},"content":{"rendered":"","protected":false},"excerpt":{"rendered":"","protected":false},"author":4,"featured_media":0,"parent":0,"menu_order":0,"comment_status":"closed","ping_status":"closed","template":"page-services.php","meta":{"_acf_changed":false,"footnotes":""},"class_list":["post-1064","page","type-page","status-publish","hentry"],"acf":[],"yoast_head":"<!-- This site is optimized with the Yoast SEO plugin v27.5 - https:\/\/yoast.com\/product\/yoast-seo-wordpress\/ -->\n<title>Permisos de trabajo - Residencia temporal y permanente - BB Inmigraci\u00f3n<\/title>\n<meta name=\"description\" content=\"Permiso de trabajo. Residencia permanente. La ciudadan\u00eda. Cumplimiento del empleador. Todos nuestros servicios est\u00e1n dise\u00f1ados para facilitar su proceso de inmigraci\u00f3n.\" \/>\n<meta name=\"robots\" content=\"index, follow, max-snippet:-1, max-image-preview:large, max-video-preview:-1\" \/>\n<link rel=\"canonical\" href=\"https:\/\/bbimmigration.ca\/es\/servicios\/\" \/>\n<meta property=\"og:locale\" content=\"es_ES\" \/>\n<meta property=\"og:type\" content=\"article\" \/>\n<meta property=\"og:title\" content=\"Permisos de trabajo - Residencia temporal y permanente - BB Inmigraci\u00f3n\" \/>\n<meta property=\"og:description\" content=\"Permiso de trabajo. Residencia permanente. La ciudadan\u00eda. Cumplimiento del empleador. Todos nuestros servicios est\u00e1n dise\u00f1ados para facilitar su proceso de inmigraci\u00f3n.\" \/>\n<meta property=\"og:url\" content=\"https:\/\/bbimmigration.ca\/es\/servicios\/\" \/>\n<meta property=\"og:site_name\" content=\"BB Immigration\" \/>\n<meta property=\"article:publisher\" content=\"https:\/\/www.facebook.com\/Bernier-Beaudry-inc-141717295966548\/\" \/>\n<meta property=\"article:modified_time\" content=\"2025-09-10T13:18:50+00:00\" \/>\n<meta name=\"twitter:card\" content=\"summary_large_image\" \/>\n<script type=\"application\/ld+json\" class=\"yoast-schema-graph\">{\"@context\":\"https:\\\/\\\/schema.org\",\"@graph\":[{\"@type\":\"WebPage\",\"@id\":\"https:\\\/\\\/bbimmigration.ca\\\/es\\\/servicios\\\/\",\"url\":\"https:\\\/\\\/bbimmigration.ca\\\/es\\\/servicios\\\/\",\"name\":\"Permisos de trabajo - Residencia temporal y permanente - BB Inmigraci\u00f3n\",\"isPartOf\":{\"@id\":\"https:\\\/\\\/bbimmigration.ca\\\/es\\\/#website\"},\"datePublished\":\"2020-06-08T18:52:50+00:00\",\"dateModified\":\"2025-09-10T13:18:50+00:00\",\"description\":\"Permiso de trabajo. Residencia permanente. La ciudadan\u00eda. Cumplimiento del empleador. Todos nuestros servicios est\u00e1n dise\u00f1ados para facilitar su proceso de inmigraci\u00f3n.\",\"breadcrumb\":{\"@id\":\"https:\\\/\\\/bbimmigration.ca\\\/es\\\/servicios\\\/#breadcrumb\"},\"inLanguage\":\"es\",\"potentialAction\":[{\"@type\":\"ReadAction\",\"target\":[\"https:\\\/\\\/bbimmigration.ca\\\/es\\\/servicios\\\/\"]}]},{\"@type\":\"BreadcrumbList\",\"@id\":\"https:\\\/\\\/bbimmigration.ca\\\/es\\\/servicios\\\/#breadcrumb\",\"itemListElement\":[{\"@type\":\"ListItem\",\"position\":1,\"name\":\"Accueil\",\"item\":\"https:\\\/\\\/bbimmigration.ca\\\/es\\\/\"},{\"@type\":\"ListItem\",\"position\":2,\"name\":\"Servicios\"}]},{\"@type\":\"WebSite\",\"@id\":\"https:\\\/\\\/bbimmigration.ca\\\/es\\\/#website\",\"url\":\"https:\\\/\\\/bbimmigration.ca\\\/es\\\/\",\"name\":\"Bernier Beaudry\",\"description\":\"\",\"publisher\":{\"@id\":\"https:\\\/\\\/bbimmigration.ca\\\/es\\\/#organization\"},\"potentialAction\":[{\"@type\":\"SearchAction\",\"target\":{\"@type\":\"EntryPoint\",\"urlTemplate\":\"https:\\\/\\\/bbimmigration.ca\\\/es\\\/?s={search_term_string}\"},\"query-input\":{\"@type\":\"PropertyValueSpecification\",\"valueRequired\":true,\"valueName\":\"search_term_string\"}}],\"inLanguage\":\"es\"},{\"@type\":\"Organization\",\"@id\":\"https:\\\/\\\/bbimmigration.ca\\\/es\\\/#organization\",\"name\":\"Bernier Beaudry, avocats d'affaires\",\"url\":\"https:\\\/\\\/bbimmigration.ca\\\/es\\\/\",\"logo\":{\"@type\":\"ImageObject\",\"inLanguage\":\"es\",\"@id\":\"https:\\\/\\\/bbimmigration.ca\\\/es\\\/#\\\/schema\\\/logo\\\/image\\\/\",\"url\":\"https:\\\/\\\/bbimmigration.ca\\\/wp-content\\\/uploads\\\/2020\\\/06\\\/yoast.png\",\"contentUrl\":\"https:\\\/\\\/bbimmigration.ca\\\/wp-content\\\/uploads\\\/2020\\\/06\\\/yoast.png\",\"width\":550,\"height\":550,\"caption\":\"Bernier Beaudry, avocats d'affaires\"},\"image\":{\"@id\":\"https:\\\/\\\/bbimmigration.ca\\\/es\\\/#\\\/schema\\\/logo\\\/image\\\/\"},\"sameAs\":[\"https:\\\/\\\/www.facebook.com\\\/Bernier-Beaudry-inc-141717295966548\\\/\",\"https:\\\/\\\/www.linkedin.com\\\/company\\\/1304367\\\/\",\"https:\\\/\\\/www.youtube.com\\\/channel\\\/UCAyIuW09Fa-_MvY_jypNG2w\"]}]}<\/script>\n<!-- \/ Yoast SEO plugin. -->","yoast_head_json":{"title":"Permisos de trabajo - Residencia temporal y permanente - BB Inmigraci\u00f3n","description":"Permiso de trabajo. Residencia permanente. La ciudadan\u00eda. Cumplimiento del empleador. Todos nuestros servicios est\u00e1n dise\u00f1ados para facilitar su proceso de inmigraci\u00f3n.","robots":{"index":"index","follow":"follow","max-snippet":"max-snippet:-1","max-image-preview":"max-image-preview:large","max-video-preview":"max-video-preview:-1"},"canonical":"https:\/\/bbimmigration.ca\/es\/servicios\/","og_locale":"es_ES","og_type":"article","og_title":"Permisos de trabajo - Residencia temporal y permanente - BB Inmigraci\u00f3n","og_description":"Permiso de trabajo. Residencia permanente. La ciudadan\u00eda. Cumplimiento del empleador. Todos nuestros servicios est\u00e1n dise\u00f1ados para facilitar su proceso de inmigraci\u00f3n.","og_url":"https:\/\/bbimmigration.ca\/es\/servicios\/","og_site_name":"BB Immigration","article_publisher":"https:\/\/www.facebook.com\/Bernier-Beaudry-inc-141717295966548\/","article_modified_time":"2025-09-10T13:18:50+00:00","twitter_card":"summary_large_image","schema":{"@context":"https:\/\/schema.org","@graph":[{"@type":"WebPage","@id":"https:\/\/bbimmigration.ca\/es\/servicios\/","url":"https:\/\/bbimmigration.ca\/es\/servicios\/","name":"Permisos de trabajo - Residencia temporal y permanente - BB Inmigraci\u00f3n","isPartOf":{"@id":"https:\/\/bbimmigration.ca\/es\/#website"},"datePublished":"2020-06-08T18:52:50+00:00","dateModified":"2025-09-10T13:18:50+00:00","description":"Permiso de trabajo. Residencia permanente. La ciudadan\u00eda. Cumplimiento del empleador. Todos nuestros servicios est\u00e1n dise\u00f1ados para facilitar su proceso de inmigraci\u00f3n.","breadcrumb":{"@id":"https:\/\/bbimmigration.ca\/es\/servicios\/#breadcrumb"},"inLanguage":"es","potentialAction":[{"@type":"ReadAction","target":["https:\/\/bbimmigration.ca\/es\/servicios\/"]}]},{"@type":"BreadcrumbList","@id":"https:\/\/bbimmigration.ca\/es\/servicios\/#breadcrumb","itemListElement":[{"@type":"ListItem","position":1,"name":"Accueil","item":"https:\/\/bbimmigration.ca\/es\/"},{"@type":"ListItem","position":2,"name":"Servicios"}]},{"@type":"WebSite","@id":"https:\/\/bbimmigration.ca\/es\/#website","url":"https:\/\/bbimmigration.ca\/es\/","name":"Bernier Beaudry","description":"","publisher":{"@id":"https:\/\/bbimmigration.ca\/es\/#organization"},"potentialAction":[{"@type":"SearchAction","target":{"@type":"EntryPoint","urlTemplate":"https:\/\/bbimmigration.ca\/es\/?s={search_term_string}"},"query-input":{"@type":"PropertyValueSpecification","valueRequired":true,"valueName":"search_term_string"}}],"inLanguage":"es"},{"@type":"Organization","@id":"https:\/\/bbimmigration.ca\/es\/#organization","name":"Bernier Beaudry, avocats d'affaires","url":"https:\/\/bbimmigration.ca\/es\/","logo":{"@type":"ImageObject","inLanguage":"es","@id":"https:\/\/bbimmigration.ca\/es\/#\/schema\/logo\/image\/","url":"https:\/\/bbimmigration.ca\/wp-content\/uploads\/2020\/06\/yoast.png","contentUrl":"https:\/\/bbimmigration.ca\/wp-content\/uploads\/2020\/06\/yoast.png","width":550,"height":550,"caption":"Bernier Beaudry, avocats d'affaires"},"image":{"@id":"https:\/\/bbimmigration.ca\/es\/#\/schema\/logo\/image\/"},"sameAs":["https:\/\/www.facebook.com\/Bernier-Beaudry-inc-141717295966548\/","https:\/\/www.linkedin.com\/company\/1304367\/","https:\/\/www.youtube.com\/channel\/UCAyIuW09Fa-_MvY_jypNG2w"]}]}},"_links":{"self":[{"href":"https:\/\/bbimmigration.ca\/es\/wp-json\/wp\/v2\/pages\/1064","targetHints":{"allow":["GET"]}}],"collection":[{"href":"https:\/\/bbimmigration.ca\/es\/wp-json\/wp\/v2\/pages"}],"about":[{"href":"https:\/\/bbimmigration.ca\/es\/wp-json\/wp\/v2\/types\/page"}],"author":[{"embeddable":true,"href":"https:\/\/bbimmigration.ca\/es\/wp-json\/wp\/v2\/users\/4"}],"replies":[{"embeddable":true,"href":"https:\/\/bbimmigration.ca\/es\/wp-json\/wp\/v2\/comments?post=1064"}],"version-history":[{"count":5,"href":"https:\/\/bbimmigration.ca\/es\/wp-json\/wp\/v2\/pages\/1064\/revisions"}],"predecessor-version":[{"id":1911,"href":"https:\/\/bbimmigration.ca\/es\/wp-json\/wp\/v2\/pages\/1064\/revisions\/1911"}],"wp:attachment":[{"href":"https:\/\/bbimmigration.ca\/es\/wp-json\/wp\/v2\/media?parent=1064"}],"curies":[{"name":"wp","href":"https:\/\/api.w.org\/{rel}","templated":true}]}}