{"id":1127,"date":"2020-06-08T14:53:53","date_gmt":"2020-06-08T18:53:53","guid":{"rendered":"https:\/\/bbimmigration.ca\/carrieres\/"},"modified":"2020-12-09T14:43:19","modified_gmt":"2020-12-09T19:43:19","slug":"carrera","status":"publish","type":"page","link":"https:\/\/bbimmigration.ca\/es\/carrera\/","title":{"rendered":"Carrera"},"content":{"rendered":"","protected":false},"excerpt":{"rendered":"","protected":false},"author":4,"featured_media":0,"parent":0,"menu_order":0,"comment_status":"closed","ping_status":"closed","template":"page-carrieres.php","meta":{"_acf_changed":false,"footnotes":""},"class_list":["post-1127","page","type-page","status-publish","hentry"],"acf":[],"yoast_head":"<!-- This site is optimized with the Yoast SEO plugin v27.5 - https:\/\/yoast.com\/product\/yoast-seo-wordpress\/ -->\n<title>Haga carrera en Derecho de Inmigraci\u00f3n en BB Immigration<\/title>\n<meta name=\"description\" content=\"Buscamos abogados estrat\u00e9gicos y estudiantes de formaci\u00f3n que deseen trabajar en la ley de inmigraci\u00f3n en la ciudad de Quebec, Saint-Georges o Thetford Mines.\" \/>\n<meta name=\"robots\" content=\"index, follow, max-snippet:-1, max-image-preview:large, max-video-preview:-1\" \/>\n<link rel=\"canonical\" href=\"https:\/\/bbimmigration.ca\/es\/carrera\/\" \/>\n<meta property=\"og:locale\" content=\"es_ES\" \/>\n<meta property=\"og:type\" content=\"article\" \/>\n<meta property=\"og:title\" content=\"Haga carrera en Derecho de Inmigraci\u00f3n en BB Immigration\" \/>\n<meta property=\"og:description\" content=\"Buscamos abogados estrat\u00e9gicos y estudiantes de formaci\u00f3n que deseen trabajar en la ley de inmigraci\u00f3n en la ciudad de Quebec, Saint-Georges o Thetford Mines.\" \/>\n<meta property=\"og:url\" content=\"https:\/\/bbimmigration.ca\/es\/carrera\/\" \/>\n<meta property=\"og:site_name\" content=\"BB Immigration\" \/>\n<meta property=\"article:publisher\" content=\"https:\/\/www.facebook.com\/Bernier-Beaudry-inc-141717295966548\/\" \/>\n<meta property=\"article:modified_time\" content=\"2020-12-09T19:43:19+00:00\" \/>\n<meta name=\"twitter:card\" content=\"summary_large_image\" \/>\n<script type=\"application\/ld+json\" class=\"yoast-schema-graph\">{\"@context\":\"https:\\\/\\\/schema.org\",\"@graph\":[{\"@type\":\"WebPage\",\"@id\":\"https:\\\/\\\/bbimmigration.ca\\\/es\\\/carrera\\\/\",\"url\":\"https:\\\/\\\/bbimmigration.ca\\\/es\\\/carrera\\\/\",\"name\":\"Haga carrera en Derecho de Inmigraci\u00f3n en BB Immigration\",\"isPartOf\":{\"@id\":\"https:\\\/\\\/bbimmigration.ca\\\/es\\\/#website\"},\"datePublished\":\"2020-06-08T18:53:53+00:00\",\"dateModified\":\"2020-12-09T19:43:19+00:00\",\"description\":\"Buscamos abogados estrat\u00e9gicos y estudiantes de formaci\u00f3n que deseen trabajar en la ley de inmigraci\u00f3n en la ciudad de Quebec, Saint-Georges o Thetford Mines.\",\"breadcrumb\":{\"@id\":\"https:\\\/\\\/bbimmigration.ca\\\/es\\\/carrera\\\/#breadcrumb\"},\"inLanguage\":\"es\",\"potentialAction\":[{\"@type\":\"ReadAction\",\"target\":[\"https:\\\/\\\/bbimmigration.ca\\\/es\\\/carrera\\\/\"]}]},{\"@type\":\"BreadcrumbList\",\"@id\":\"https:\\\/\\\/bbimmigration.ca\\\/es\\\/carrera\\\/#breadcrumb\",\"itemListElement\":[{\"@type\":\"ListItem\",\"position\":1,\"name\":\"Accueil\",\"item\":\"https:\\\/\\\/bbimmigration.ca\\\/es\\\/\"},{\"@type\":\"ListItem\",\"position\":2,\"name\":\"Carrera\"}]},{\"@type\":\"WebSite\",\"@id\":\"https:\\\/\\\/bbimmigration.ca\\\/es\\\/#website\",\"url\":\"https:\\\/\\\/bbimmigration.ca\\\/es\\\/\",\"name\":\"Bernier Beaudry\",\"description\":\"\",\"publisher\":{\"@id\":\"https:\\\/\\\/bbimmigration.ca\\\/es\\\/#organization\"},\"potentialAction\":[{\"@type\":\"SearchAction\",\"target\":{\"@type\":\"EntryPoint\",\"urlTemplate\":\"https:\\\/\\\/bbimmigration.ca\\\/es\\\/?s={search_term_string}\"},\"query-input\":{\"@type\":\"PropertyValueSpecification\",\"valueRequired\":true,\"valueName\":\"search_term_string\"}}],\"inLanguage\":\"es\"},{\"@type\":\"Organization\",\"@id\":\"https:\\\/\\\/bbimmigration.ca\\\/es\\\/#organization\",\"name\":\"Bernier Beaudry, avocats d'affaires\",\"url\":\"https:\\\/\\\/bbimmigration.ca\\\/es\\\/\",\"logo\":{\"@type\":\"ImageObject\",\"inLanguage\":\"es\",\"@id\":\"https:\\\/\\\/bbimmigration.ca\\\/es\\\/#\\\/schema\\\/logo\\\/image\\\/\",\"url\":\"https:\\\/\\\/bbimmigration.ca\\\/wp-content\\\/uploads\\\/2020\\\/06\\\/yoast.png\",\"contentUrl\":\"https:\\\/\\\/bbimmigration.ca\\\/wp-content\\\/uploads\\\/2020\\\/06\\\/yoast.png\",\"width\":550,\"height\":550,\"caption\":\"Bernier Beaudry, avocats d'affaires\"},\"image\":{\"@id\":\"https:\\\/\\\/bbimmigration.ca\\\/es\\\/#\\\/schema\\\/logo\\\/image\\\/\"},\"sameAs\":[\"https:\\\/\\\/www.facebook.com\\\/Bernier-Beaudry-inc-141717295966548\\\/\",\"https:\\\/\\\/www.linkedin.com\\\/company\\\/1304367\\\/\",\"https:\\\/\\\/www.youtube.com\\\/channel\\\/UCAyIuW09Fa-_MvY_jypNG2w\"]}]}<\/script>\n<!-- \/ Yoast SEO plugin. -->","yoast_head_json":{"title":"Haga carrera en Derecho de Inmigraci\u00f3n en BB Immigration","description":"Buscamos abogados estrat\u00e9gicos y estudiantes de formaci\u00f3n que deseen trabajar en la ley de inmigraci\u00f3n en la ciudad de Quebec, Saint-Georges o Thetford Mines.","robots":{"index":"index","follow":"follow","max-snippet":"max-snippet:-1","max-image-preview":"max-image-preview:large","max-video-preview":"max-video-preview:-1"},"canonical":"https:\/\/bbimmigration.ca\/es\/carrera\/","og_locale":"es_ES","og_type":"article","og_title":"Haga carrera en Derecho de Inmigraci\u00f3n en BB Immigration","og_description":"Buscamos abogados estrat\u00e9gicos y estudiantes de formaci\u00f3n que deseen trabajar en la ley de inmigraci\u00f3n en la ciudad de Quebec, Saint-Georges o Thetford Mines.","og_url":"https:\/\/bbimmigration.ca\/es\/carrera\/","og_site_name":"BB Immigration","article_publisher":"https:\/\/www.facebook.com\/Bernier-Beaudry-inc-141717295966548\/","article_modified_time":"2020-12-09T19:43:19+00:00","twitter_card":"summary_large_image","schema":{"@context":"https:\/\/schema.org","@graph":[{"@type":"WebPage","@id":"https:\/\/bbimmigration.ca\/es\/carrera\/","url":"https:\/\/bbimmigration.ca\/es\/carrera\/","name":"Haga carrera en Derecho de Inmigraci\u00f3n en BB Immigration","isPartOf":{"@id":"https:\/\/bbimmigration.ca\/es\/#website"},"datePublished":"2020-06-08T18:53:53+00:00","dateModified":"2020-12-09T19:43:19+00:00","description":"Buscamos abogados estrat\u00e9gicos y estudiantes de formaci\u00f3n que deseen trabajar en la ley de inmigraci\u00f3n en la ciudad de Quebec, Saint-Georges o Thetford Mines.","breadcrumb":{"@id":"https:\/\/bbimmigration.ca\/es\/carrera\/#breadcrumb"},"inLanguage":"es","potentialAction":[{"@type":"ReadAction","target":["https:\/\/bbimmigration.ca\/es\/carrera\/"]}]},{"@type":"BreadcrumbList","@id":"https:\/\/bbimmigration.ca\/es\/carrera\/#breadcrumb","itemListElement":[{"@type":"ListItem","position":1,"name":"Accueil","item":"https:\/\/bbimmigration.ca\/es\/"},{"@type":"ListItem","position":2,"name":"Carrera"}]},{"@type":"WebSite","@id":"https:\/\/bbimmigration.ca\/es\/#website","url":"https:\/\/bbimmigration.ca\/es\/","name":"Bernier Beaudry","description":"","publisher":{"@id":"https:\/\/bbimmigration.ca\/es\/#organization"},"potentialAction":[{"@type":"SearchAction","target":{"@type":"EntryPoint","urlTemplate":"https:\/\/bbimmigration.ca\/es\/?s={search_term_string}"},"query-input":{"@type":"PropertyValueSpecification","valueRequired":true,"valueName":"search_term_string"}}],"inLanguage":"es"},{"@type":"Organization","@id":"https:\/\/bbimmigration.ca\/es\/#organization","name":"Bernier Beaudry, avocats d'affaires","url":"https:\/\/bbimmigration.ca\/es\/","logo":{"@type":"ImageObject","inLanguage":"es","@id":"https:\/\/bbimmigration.ca\/es\/#\/schema\/logo\/image\/","url":"https:\/\/bbimmigration.ca\/wp-content\/uploads\/2020\/06\/yoast.png","contentUrl":"https:\/\/bbimmigration.ca\/wp-content\/uploads\/2020\/06\/yoast.png","width":550,"height":550,"caption":"Bernier Beaudry, avocats d'affaires"},"image":{"@id":"https:\/\/bbimmigration.ca\/es\/#\/schema\/logo\/image\/"},"sameAs":["https:\/\/www.facebook.com\/Bernier-Beaudry-inc-141717295966548\/","https:\/\/www.linkedin.com\/company\/1304367\/","https:\/\/www.youtube.com\/channel\/UCAyIuW09Fa-_MvY_jypNG2w"]}]}},"_links":{"self":[{"href":"https:\/\/bbimmigration.ca\/es\/wp-json\/wp\/v2\/pages\/1127","targetHints":{"allow":["GET"]}}],"collection":[{"href":"https:\/\/bbimmigration.ca\/es\/wp-json\/wp\/v2\/pages"}],"about":[{"href":"https:\/\/bbimmigration.ca\/es\/wp-json\/wp\/v2\/types\/page"}],"author":[{"embeddable":true,"href":"https:\/\/bbimmigration.ca\/es\/wp-json\/wp\/v2\/users\/4"}],"replies":[{"embeddable":true,"href":"https:\/\/bbimmigration.ca\/es\/wp-json\/wp\/v2\/comments?post=1127"}],"version-history":[{"count":5,"href":"https:\/\/bbimmigration.ca\/es\/wp-json\/wp\/v2\/pages\/1127\/revisions"}],"predecessor-version":[{"id":1227,"href":"https:\/\/bbimmigration.ca\/es\/wp-json\/wp\/v2\/pages\/1127\/revisions\/1227"}],"wp:attachment":[{"href":"https:\/\/bbimmigration.ca\/es\/wp-json\/wp\/v2\/media?parent=1127"}],"curies":[{"name":"wp","href":"https:\/\/api.w.org\/{rel}","templated":true}]}}