{"id":1559,"date":"2023-03-09T15:41:31","date_gmt":"2023-03-09T20:41:31","guid":{"rendered":"https:\/\/bbimmigration.ca\/politique-de-confidentialite\/"},"modified":"2023-03-24T11:51:55","modified_gmt":"2023-03-24T15:51:55","slug":"politica-de-privacidad","status":"publish","type":"page","link":"https:\/\/bbimmigration.ca\/es\/politica-de-privacidad\/","title":{"rendered":"POL\u00cdTICA DE PRIVACIDAD"},"content":{"rendered":"<p><span style=\"font-weight: 400;\">Esta pol\u00edtica se aplica al sitio:<\/span><a href=\"https:\/\/bbimmigration.ca\/es\/\"> <span style=\"font-weight: 400;\">www.bbimmigration.ca\/es\/<\/span><\/a><br \/>\n<span style=\"font-weight: 400;\">Fecha de la \u00faltima actualizaci\u00f3n: <\/span><span style=\"font-weight: 400;\">8 de marzo de 2023<\/span><\/p>\n<p><span style=\"font-weight: 400;\">\u00a0<\/span><span style=\"font-weight: 400;\">Su privacidad es de suma importancia para <\/span><span style=\"font-weight: 400;\">BB Immigration<\/span><span style=\"font-weight: 400;\">, empresa responsable de este sitio.<\/span><\/p>\n<p><span style=\"font-weight: 400;\">El prop\u00f3sito de esta pol\u00edtica de privacidad es informarle:<\/span><\/p>\n<ul>\n<li><span style=\"font-weight: 400;\"> \u00a0 \u00a0 \u00a0 <\/span><span style=\"font-weight: 400;\">C\u00f3mo se recopilan y procesan sus datos personales. Como datos personales deben considerarse cualquier informaci\u00f3n que pueda identificarle lo cual incluye su nombre, apellidos, edad, direcci\u00f3n postal, direcci\u00f3n de correo electr\u00f3nico, ubicaci\u00f3n y direcci\u00f3n IP.<\/span><\/li>\n<li><span style=\"font-weight: 400;\"> \u00a0 \u00a0 \u00a0 <\/span><span style=\"font-weight: 400;\">Derechos que tiene en relaci\u00f3n con esta informaci\u00f3n.<\/span><\/li>\n<li><span style=\"font-weight: 400;\"> \u00a0 \u00a0 \u00a0 <\/span><span style=\"font-weight: 400;\">Responsable del tratamiento de los datos personales recopilados y tratados.<\/span><\/li>\n<li><span style=\"font-weight: 400;\"> \u00a0 \u00a0 \u00a0 <\/span><span style=\"font-weight: 400;\">A qui\u00e9n se transmite esta informaci\u00f3n.<\/span><\/li>\n<li><span style=\"font-weight: 400;\"> \u00a0 \u00a0 \u00a0 <\/span><span style=\"font-weight: 400;\">Pol\u00edtica del sitio sobre cookies.<\/span><\/li>\n<\/ul>\n<h3>1. FORMAS Y M\u00c9TODOS DE RECOLECCI\u00d3N<\/h3>\n<p><span style=\"font-weight: 400;\">Su informaci\u00f3n personal <\/span><span style=\"font-weight: 400;\">puede recopilarse<\/span><span style=\"font-weight: 400;\"> a trav\u00e9s de los siguientes m\u00e9todos:<\/span><\/p>\n<ul>\n<li><span style=\"font-weight: 400;\"> \u00a0 \u00a0 \u00a0 <\/span><span style=\"font-weight: 400;\">Formulario de solicitud.<\/span><\/li>\n<li><span style=\"font-weight: 400;\"> \u00a0 \u00a0 \u00a0 <\/span><span style=\"font-weight: 400;\">Formulario<\/span> <span style=\"font-weight: 400;\">de contacto.<\/span><\/li>\n<li><span style=\"font-weight: 400;\"> \u00a0 \u00a0 \u00a0 <\/span><span style=\"font-weight: 400;\">Suscripci\u00f3n al bolet\u00edn de noticias.<\/span><\/li>\n<\/ul>\n<p><span style=\"font-weight: 400;\">Utilizamos la informaci\u00f3n recopilada para los siguientes fines:<\/span><\/p>\n<ul>\n<li><span style=\"font-weight: 400;\"> \u00a0 \u00a0 \u00a0 <\/span><span style=\"font-weight: 400;\">Contacto.<\/span><\/li>\n<\/ul>\n<p><span style=\"font-weight: 400;\">Al enviar un formulario en nuestro sitio, podemos recopilar la siguiente informaci\u00f3n:<\/span><\/p>\n<ul>\n<li><span style=\"font-weight: 400;\"> \u00a0 \u00a0 \u00a0 <\/span><span style=\"font-weight: 400;\">Apellido.<\/span><\/li>\n<li><span style=\"font-weight: 400;\"> \u00a0 \u00a0 \u00a0 <\/span><span style=\"font-weight: 400;\">Nombre.<\/span><\/li>\n<li><span style=\"font-weight: 400;\"> \u00a0 \u00a0 \u00a0 <\/span><span style=\"font-weight: 400;\">Direcci\u00f3n de correo electr\u00f3nico.<\/span><\/li>\n<li><span style=\"font-weight: 400;\"> \u00a0 \u00a0 \u00a0 <\/span><span style=\"font-weight: 400;\">N\u00famero de tel\u00e9fono\/fax.<\/span><\/li>\n<\/ul>\n<h3>\u00a02. ARCHIVOS DE REGISTRO Y COOKIES<\/h3>\n<p><span style=\"font-weight: 400;\">Recopilamos cierta informaci\u00f3n a trav\u00e9s de archivos de registro y cookies. Estos archivos nos permiten procesar estad\u00edsticas e informaci\u00f3n de tr\u00e1fico, facilitar la navegaci\u00f3n y mejorar el servicio para su comodidad.<\/span><\/p>\n<h4>a) Descripci\u00f3n de las cookies utilizadas por el sitio web.<\/h4>\n<p>Principalmente se trata de la siguiente informaci\u00f3n<span style=\"font-weight: 400;\">:<\/span><\/p>\n<ul>\n<li><span style=\"font-weight: 400;\"> \u00a0 \u00a0 \u00a0 <\/span><span style=\"font-weight: 400;\">Sistema operativo y <\/span><span style=\"font-weight: 400;\">dispositivos utilizados.<\/span><\/li>\n<li><span style=\"font-weight: 400;\"> \u00a0 \u00a0 \u00a0 <\/span><span style=\"font-weight: 400;\">P\u00e1ginas visitadas y solicitudes <\/span><span style=\"font-weight: 400;\">(la fecha, hora, duraci\u00f3n y frecuencia de sus visitas).<\/span><\/li>\n<li><span style=\"font-weight: 400;\"> \u00a0 \u00a0 \u00a0 <\/span><span style=\"font-weight: 400;\">La direcci\u00f3n IP anonimizada de su computador (su direcci\u00f3n IP se cambia para que nadie pueda relacionarte con ella).<\/span><\/li>\n<\/ul>\n<p><span style=\"font-weight: 400;\">El uso de dichos ficheros nos permite brindar o realizar:<\/span><\/p>\n<ul>\n<li><span style=\"font-weight: 400;\"> \u00a0 \u00a0 \u00a0 <\/span><span style=\"font-weight: 400;\">Publicidad dirigida.<\/span><\/li>\n<li><span style=\"font-weight: 400;\"> \u00a0 \u00a0 \u00a0 <\/span><span style=\"font-weight: 400;\">An\u00e1lisis del tr\u00e1fico.<\/span><\/li>\n<li><span style=\"font-weight: 400;\"> \u00a0 \u00a0 \u00a0 <\/span><span style=\"font-weight: 400;\">Mejorar la experiencia del usuario.<\/span><\/li>\n<\/ul>\n<h4>b) Oposici\u00f3n al uso de cookies por parte del sitio web.<\/h4>\n<p><span style=\"font-weight: 400;\">Puede oponerse al almacenamiento de estas cookies de dos maneras:<\/span><\/p>\n<ul>\n<li><span style=\"font-weight: 400;\"> \u00a0 \u00a0 \u00a0 <\/span><span style=\"font-weight: 400;\">Configurando el software de su navegador.<\/span><\/li>\n<li><span style=\"font-weight: 400;\"> \u00a0 \u00a0 \u00a0 <\/span><span style=\"font-weight: 400;\">Cerrando el banner de cookies en la parte inferior de la p\u00e1gina sin hacer clic en el bot\u00f3n \"Aceptar\".<\/span><\/li>\n<\/ul>\n<p><span style=\"font-weight: 400;\">Si decide desactivar las cookies, podr\u00e1 seguir navegando por el sitio. No obstante, cualquier mal funcionamiento del sitio web causado por la desactivaci\u00f3n de las cookies no puede ser considerado como nuestra responsabilidad.<\/span><\/p>\n<h3>3. INTERCAMBIO DE INFORMACI\u00d3N PERSONAL<\/h3>\n<p><span style=\"font-weight: 400;\">No venderemos ni comercializaremos de ning\u00fan otro modo la informaci\u00f3n personal que recopilemos. Sin embargo, podemos compartir esta informaci\u00f3n con terceros <\/span><span style=\"font-weight: 400;\">(Google Analytics, Google Ads, Facebook, etc.)<\/span><span style=\"font-weight: 400;\"> por las siguientes razones:<\/span><\/p>\n<ul>\n<li><span style=\"font-weight: 400;\"> \u00a0 \u00a0 \u00a0 <\/span><span style=\"font-weight: 400;\">Publicidad<\/span><\/li>\n<\/ul>\n<p><span style=\"font-weight: 400;\">Si no desea que su informaci\u00f3n personal se comparta con terceros, puede oponerse en el momento de la recopilaci\u00f3n o en cualquier momento posterior, como se menciona en la secci\u00f3n \"Derecho de oposici\u00f3n y exclusi\u00f3n\".<\/span><\/p>\n<h3>4. DURACI\u00d3N DE LA CONSERVACI\u00d3N DE LA INFORMACI\u00d3N PERSONAL<\/h3>\n<p><span style=\"font-weight: 400;\">El responsable de la protecci\u00f3n de los datos personales conservar\u00e1 todos los datos personales recogidos en sus sistemas inform\u00e1ticos, en condiciones de seguridad razonables, durante un per\u00edodo de tiempo indefinido.<\/span><\/p>\n<h3>5. ALOJAMIENTO DE INFORMACI\u00d3N PERSONAL<\/h3>\n<p><span style=\"font-weight: 400;\">Nuestro sitio est\u00e1 alojado en: <\/span><span style=\"font-weight: 400;\">Blitz Media, cuya sede social se encuentra en la siguiente direcci\u00f3n<\/span><\/p>\n<p><span style=\"font-weight: 400;\">3480D Rue de la Recherche, Jonqui\u00e8re, QC G7X 0L1<\/span><\/p>\n<p><span style=\"font-weight: 400;\">Se puede contactar con el hospedador en el siguiente n\u00famero de tel\u00e9fono: <\/span><span style=\"font-weight: 400;\">(581) 383-4747.<\/span><\/p>\n<p><span style=\"font-weight: 400;\">La informaci\u00f3n que recopilamos y procesamos se aloja y procesa exclusivamente en Canad\u00e1.<\/span><\/p>\n<h3>6.\u00a0RESPONSABLE DE LA PROTECCI\u00d3N DE DATOS PERSONALES<\/h3>\n<p>En este documento,\u00a0el responsable de la protecci\u00f3n de los datos personales\u00a0ser\u00e1 llamado\u00a0el responsable.<\/p>\n<h4>a)\u00a0Responsable de la protecci\u00f3n de datos personales<\/h4>\n<p><span style=\"font-weight: 400;\">El\u00a0responsable\u00a0es: Sr <\/span><span style=\"font-weight: 400;\">Roger Pichette<\/span><span style=\"font-weight: 400;\">. Puede ser contactado de las siguientes maneras<\/span><\/p>\n<p><span style=\"font-weight: 400;\">por correo electr\u00f3nico a vieprivee@bbimmigration.com<\/span><\/p>\n<p>El\u00a0responsable\u00a0est\u00e1 a cargo de determinar los fines y medios del tratamiento de los datos personales.<\/p>\n<h4>b) Obligaciones\u00a0del responsable<\/h4>\n<p style=\"font-weight: 400;\">El responsable\u00a0se compromete a proteger la informaci\u00f3n personal recogida, a no transmitirlos a terceros sin su conocimiento y a respetar los fines para los que se recolectaron.<\/p>\n<p style=\"font-weight: 400;\">Adem\u00e1s,\u00a0el responsable\u00a0se compromete a notificarle en caso de rectificaci\u00f3n o supresi\u00f3n de la informaci\u00f3n, salvo que ello le suponga tr\u00e1mites, costos o gestiones complejas.<\/p>\n<p style=\"font-weight: 400;\">En caso de que se vea comprometida la integridad, confidencialidad o seguridad de su informaci\u00f3n personal, el responsable de la protecci\u00f3n se compromete a informarle por los medios disponibles.<\/p>\n<h3>7. DERECHO DE OPOSICI\u00d3N Y RETIRO.<\/h3>\n<p><span style=\"font-weight: 400;\">Usted tiene derecho a oponerse al tratamiento de su informaci\u00f3n personal por parte del sitio<\/span><span style=\"font-weight: 400;\">. En cuanto a su derecho de retiro, tiene derecho a solicitar que su informaci\u00f3n personal deje de aparecer, por ejemplo, en una lista de correo.<\/span><\/p>\n<p><span style=\"font-weight: 400;\">Para oponerse al tratamiento de sus datos personales o solicitar el retiro de estos, debe seguir el siguiente procedimiento:<\/span><\/p>\n<p><span style=\"font-weight: 400;\">Enviar correo electr\u00f3nico a <\/span><span style=\"font-weight: 400;\">vieprivee@bbimmigration.com<\/span><\/p>\n<h3>8. DERECHO DE ACCESO, RECTIFICACI\u00d3N Y SUPRESI\u00d3N<\/h3>\n<p><span style=\"font-weight: 400;\">Puede acceder a sus datos personales, actualizarlos, modificarlos o solicitar su supresi\u00f3n, siguiendo el procedimiento que se indica a continuaci\u00f3n:<\/span><\/p>\n<p><span style=\"font-weight: 400;\">Enviar correo electr\u00f3nico a vieprivee@bbimmigration.com<\/span><\/p>\n<h3>9. SEGURIDAD<\/h3>\n<p><span style=\"font-weight: 400;\">La informaci\u00f3n personal que recopilamos se guarda en un entorno seguro. Las personas que trabajan para nosotros est\u00e1n obligadas a mantener la confidencialidad de sus datos.<\/span><\/p>\n<p><span style=\"font-weight: 400;\">Para garantizar la seguridad de su informaci\u00f3n personal, utilizamos las siguientes medidas:<\/span><\/p>\n<ul>\n<li><span style=\"font-weight: 400;\"> \u00a0 \u00a0 \u00a0 <\/span><span style=\"font-weight: 400;\">Protocolo Secure Sockets Layer (SSL).<\/span><\/li>\n<li><span style=\"font-weight: 400;\"> \u00a0 \u00a0 \u00a0 <\/span><span style=\"font-weight: 400;\">Gesti\u00f3n del acceso - interesado<\/span><\/li>\n<\/ul>\n<p><span style=\"font-weight: 400;\">Nos comprometemos a mantener un alto nivel de privacidad incorporando las \u00faltimas innovaciones tecnol\u00f3gicas para garantizar la confidencialidad de sus transacciones. Sin embargo, como ning\u00fan mecanismo ofrece la m\u00e1xima seguridad, siempre existe un nivel de riesgo cuando se utiliza Internet para transmitir informaci\u00f3n personal.<\/span><\/p>\n<h3>10. CONDICIONES PARA MODIFICAR LA POL\u00cdTICA DE PRIVACIDAD<\/h3>\n<p><span style=\"font-weight: 400;\">Esta pol\u00edtica de privacidad puede consultarse en cualquier momento en la siguiente direcci\u00f3n:<\/span><\/p>\n<p><a href=\"https:\/\/bbimmigration.ca\/es\/politicia-de-privacidad\"><span style=\"font-weight: 400;\">www.bbimmigration.ca\/es\/politicia-de-privacidad<\/span><\/a><\/p>\n<p><span style=\"font-weight: 400;\">Nos reservamos el derecho a modificarla para garantizar su conformidad con la legislaci\u00f3n vigente.<\/span><\/p>\n<p><span style=\"font-weight: 400;\">Le invitamos a consultar peri\u00f3dicamente esta pol\u00edtica de privacidad para mantenerse informado de los \u00faltimos cambios.<\/span><\/p>\n<h3>11. ACEPTACI\u00d3N DE LA POL\u00cdTICA DE PRIVACIDAD<\/h3>\n<p><span style=\"font-weight: 400;\">Al utilizar el sitio, usted reconoce que ha le\u00eddo y comprendido la presente Pol\u00edtica de Privacidad y acepta sus t\u00e9rminos, en particular en lo que respecta a la recopilaci\u00f3n y tratamiento de sus datos personales y al uso de cookies.<\/span><\/p>\n<h3>12. LEGISLACI\u00d3N<\/h3>\n<p><span style=\"font-weight: 400;\">Nos comprometemos a cumplir las disposiciones legislativas establecidas en:<\/span><\/p>\n<ul>\n<li><span style=\"font-weight: 400;\"> \u00a0 \u00a0 \u00a0 <\/span><span style=\"font-weight: 400;\">Ley de protecci\u00f3n de datos personales en el sector privado, RLRQ c P-39.1; y\/o<\/span><\/li>\n<li><span style=\"font-weight: 400;\"> \u00a0 \u00a0 \u00a0 <\/span><span style=\"font-weight: 400;\">Ley de Protecci\u00f3n de Datos Personales y Documentos Electr\u00f3nicos, LC 2000, c 5.<\/span><\/li>\n<\/ul>\n","protected":false},"excerpt":{"rendered":"<p>Esta pol\u00edtica se aplica al sitio: www.bbimmigration.ca\/es\/ Fecha de la \u00faltima actualizaci\u00f3n: 8 de marzo de 2023 \u00a0Su privacidad es de suma importancia para BB Immigration, empresa responsable de este sitio. El prop\u00f3sito de esta pol\u00edtica de privacidad es informarle: \u00a0 \u00a0 \u00a0 C\u00f3mo se recopilan y procesan sus datos personales. Como datos personales deben &hellip; <a href=\"https:\/\/bbimmigration.ca\/es\/politica-de-privacidad\/\">Continued<\/a><\/p>\n","protected":false},"author":2,"featured_media":0,"parent":0,"menu_order":0,"comment_status":"closed","ping_status":"closed","template":"","meta":{"_acf_changed":false,"footnotes":""},"class_list":["post-1559","page","type-page","status-publish","hentry"],"acf":[],"yoast_head":"<!-- This site is optimized with the Yoast SEO plugin v27.6 - https:\/\/yoast.com\/product\/yoast-seo-wordpress\/ -->\n<title>POL\u00cdTICA DE PRIVACIDAD - BB Immigration<\/title>\n<meta name=\"robots\" content=\"noindex, follow\" \/>\n<meta property=\"og:locale\" content=\"es_ES\" \/>\n<meta property=\"og:type\" content=\"article\" \/>\n<meta property=\"og:title\" content=\"POL\u00cdTICA DE PRIVACIDAD - BB Immigration\" \/>\n<meta property=\"og:description\" content=\"Esta pol\u00edtica se aplica al sitio: www.bbimmigration.ca\/es\/ Fecha de la \u00faltima actualizaci\u00f3n: 8 de marzo de 2023 \u00a0Su privacidad es de suma importancia para BB Immigration, empresa responsable de este sitio. El prop\u00f3sito de esta pol\u00edtica de privacidad es informarle: \u00a0 \u00a0 \u00a0 C\u00f3mo se recopilan y procesan sus datos personales. Como datos personales deben &hellip; Continued\" \/>\n<meta property=\"og:url\" content=\"https:\/\/bbimmigration.ca\/es\/politica-de-privacidad\/\" \/>\n<meta property=\"og:site_name\" content=\"BB Immigration\" \/>\n<meta property=\"article:publisher\" content=\"https:\/\/www.facebook.com\/Bernier-Beaudry-inc-141717295966548\/\" \/>\n<meta property=\"article:modified_time\" content=\"2023-03-24T15:51:55+00:00\" \/>\n<meta name=\"twitter:card\" content=\"summary_large_image\" \/>\n<meta name=\"twitter:label1\" content=\"Tiempo de lectura\" \/>\n\t<meta name=\"twitter:data1\" content=\"6 minutos\" \/>\n<script type=\"application\/ld+json\" class=\"yoast-schema-graph\">{\"@context\":\"https:\\\/\\\/schema.org\",\"@graph\":[{\"@type\":\"WebPage\",\"@id\":\"https:\\\/\\\/bbimmigration.ca\\\/es\\\/politica-de-privacidad\\\/\",\"url\":\"https:\\\/\\\/bbimmigration.ca\\\/es\\\/politica-de-privacidad\\\/\",\"name\":\"POL\u00cdTICA DE PRIVACIDAD - BB Immigration\",\"isPartOf\":{\"@id\":\"https:\\\/\\\/bbimmigration.ca\\\/es\\\/#website\"},\"datePublished\":\"2023-03-09T20:41:31+00:00\",\"dateModified\":\"2023-03-24T15:51:55+00:00\",\"breadcrumb\":{\"@id\":\"https:\\\/\\\/bbimmigration.ca\\\/es\\\/politica-de-privacidad\\\/#breadcrumb\"},\"inLanguage\":\"es\",\"potentialAction\":[{\"@type\":\"ReadAction\",\"target\":[\"https:\\\/\\\/bbimmigration.ca\\\/es\\\/politica-de-privacidad\\\/\"]}]},{\"@type\":\"BreadcrumbList\",\"@id\":\"https:\\\/\\\/bbimmigration.ca\\\/es\\\/politica-de-privacidad\\\/#breadcrumb\",\"itemListElement\":[{\"@type\":\"ListItem\",\"position\":1,\"name\":\"Accueil\",\"item\":\"https:\\\/\\\/bbimmigration.ca\\\/es\\\/\"},{\"@type\":\"ListItem\",\"position\":2,\"name\":\"POL\u00cdTICA DE PRIVACIDAD\"}]},{\"@type\":\"WebSite\",\"@id\":\"https:\\\/\\\/bbimmigration.ca\\\/es\\\/#website\",\"url\":\"https:\\\/\\\/bbimmigration.ca\\\/es\\\/\",\"name\":\"Bernier Beaudry\",\"description\":\"\",\"publisher\":{\"@id\":\"https:\\\/\\\/bbimmigration.ca\\\/es\\\/#organization\"},\"potentialAction\":[{\"@type\":\"SearchAction\",\"target\":{\"@type\":\"EntryPoint\",\"urlTemplate\":\"https:\\\/\\\/bbimmigration.ca\\\/es\\\/?s={search_term_string}\"},\"query-input\":{\"@type\":\"PropertyValueSpecification\",\"valueRequired\":true,\"valueName\":\"search_term_string\"}}],\"inLanguage\":\"es\"},{\"@type\":\"Organization\",\"@id\":\"https:\\\/\\\/bbimmigration.ca\\\/es\\\/#organization\",\"name\":\"Bernier Beaudry, avocats d'affaires\",\"url\":\"https:\\\/\\\/bbimmigration.ca\\\/es\\\/\",\"logo\":{\"@type\":\"ImageObject\",\"inLanguage\":\"es\",\"@id\":\"https:\\\/\\\/bbimmigration.ca\\\/es\\\/#\\\/schema\\\/logo\\\/image\\\/\",\"url\":\"https:\\\/\\\/bbimmigration.ca\\\/wp-content\\\/uploads\\\/2020\\\/06\\\/yoast.png\",\"contentUrl\":\"https:\\\/\\\/bbimmigration.ca\\\/wp-content\\\/uploads\\\/2020\\\/06\\\/yoast.png\",\"width\":550,\"height\":550,\"caption\":\"Bernier Beaudry, avocats d'affaires\"},\"image\":{\"@id\":\"https:\\\/\\\/bbimmigration.ca\\\/es\\\/#\\\/schema\\\/logo\\\/image\\\/\"},\"sameAs\":[\"https:\\\/\\\/www.facebook.com\\\/Bernier-Beaudry-inc-141717295966548\\\/\",\"https:\\\/\\\/www.linkedin.com\\\/company\\\/1304367\\\/\",\"https:\\\/\\\/www.youtube.com\\\/channel\\\/UCAyIuW09Fa-_MvY_jypNG2w\"]}]}<\/script>\n<!-- \/ Yoast SEO plugin. -->","yoast_head_json":{"title":"POL\u00cdTICA DE PRIVACIDAD - BB Immigration","robots":{"index":"noindex","follow":"follow"},"og_locale":"es_ES","og_type":"article","og_title":"POL\u00cdTICA DE PRIVACIDAD - BB Immigration","og_description":"Esta pol\u00edtica se aplica al sitio: www.bbimmigration.ca\/es\/ Fecha de la \u00faltima actualizaci\u00f3n: 8 de marzo de 2023 \u00a0Su privacidad es de suma importancia para BB Immigration, empresa responsable de este sitio. El prop\u00f3sito de esta pol\u00edtica de privacidad es informarle: \u00a0 \u00a0 \u00a0 C\u00f3mo se recopilan y procesan sus datos personales. Como datos personales deben &hellip; Continued","og_url":"https:\/\/bbimmigration.ca\/es\/politica-de-privacidad\/","og_site_name":"BB Immigration","article_publisher":"https:\/\/www.facebook.com\/Bernier-Beaudry-inc-141717295966548\/","article_modified_time":"2023-03-24T15:51:55+00:00","twitter_card":"summary_large_image","twitter_misc":{"Tiempo de lectura":"6 minutos"},"schema":{"@context":"https:\/\/schema.org","@graph":[{"@type":"WebPage","@id":"https:\/\/bbimmigration.ca\/es\/politica-de-privacidad\/","url":"https:\/\/bbimmigration.ca\/es\/politica-de-privacidad\/","name":"POL\u00cdTICA DE PRIVACIDAD - BB Immigration","isPartOf":{"@id":"https:\/\/bbimmigration.ca\/es\/#website"},"datePublished":"2023-03-09T20:41:31+00:00","dateModified":"2023-03-24T15:51:55+00:00","breadcrumb":{"@id":"https:\/\/bbimmigration.ca\/es\/politica-de-privacidad\/#breadcrumb"},"inLanguage":"es","potentialAction":[{"@type":"ReadAction","target":["https:\/\/bbimmigration.ca\/es\/politica-de-privacidad\/"]}]},{"@type":"BreadcrumbList","@id":"https:\/\/bbimmigration.ca\/es\/politica-de-privacidad\/#breadcrumb","itemListElement":[{"@type":"ListItem","position":1,"name":"Accueil","item":"https:\/\/bbimmigration.ca\/es\/"},{"@type":"ListItem","position":2,"name":"POL\u00cdTICA DE PRIVACIDAD"}]},{"@type":"WebSite","@id":"https:\/\/bbimmigration.ca\/es\/#website","url":"https:\/\/bbimmigration.ca\/es\/","name":"Bernier Beaudry","description":"","publisher":{"@id":"https:\/\/bbimmigration.ca\/es\/#organization"},"potentialAction":[{"@type":"SearchAction","target":{"@type":"EntryPoint","urlTemplate":"https:\/\/bbimmigration.ca\/es\/?s={search_term_string}"},"query-input":{"@type":"PropertyValueSpecification","valueRequired":true,"valueName":"search_term_string"}}],"inLanguage":"es"},{"@type":"Organization","@id":"https:\/\/bbimmigration.ca\/es\/#organization","name":"Bernier Beaudry, avocats d'affaires","url":"https:\/\/bbimmigration.ca\/es\/","logo":{"@type":"ImageObject","inLanguage":"es","@id":"https:\/\/bbimmigration.ca\/es\/#\/schema\/logo\/image\/","url":"https:\/\/bbimmigration.ca\/wp-content\/uploads\/2020\/06\/yoast.png","contentUrl":"https:\/\/bbimmigration.ca\/wp-content\/uploads\/2020\/06\/yoast.png","width":550,"height":550,"caption":"Bernier Beaudry, avocats d'affaires"},"image":{"@id":"https:\/\/bbimmigration.ca\/es\/#\/schema\/logo\/image\/"},"sameAs":["https:\/\/www.facebook.com\/Bernier-Beaudry-inc-141717295966548\/","https:\/\/www.linkedin.com\/company\/1304367\/","https:\/\/www.youtube.com\/channel\/UCAyIuW09Fa-_MvY_jypNG2w"]}]}},"_links":{"self":[{"href":"https:\/\/bbimmigration.ca\/es\/wp-json\/wp\/v2\/pages\/1559","targetHints":{"allow":["GET"]}}],"collection":[{"href":"https:\/\/bbimmigration.ca\/es\/wp-json\/wp\/v2\/pages"}],"about":[{"href":"https:\/\/bbimmigration.ca\/es\/wp-json\/wp\/v2\/types\/page"}],"author":[{"embeddable":true,"href":"https:\/\/bbimmigration.ca\/es\/wp-json\/wp\/v2\/users\/2"}],"replies":[{"embeddable":true,"href":"https:\/\/bbimmigration.ca\/es\/wp-json\/wp\/v2\/comments?post=1559"}],"version-history":[{"count":5,"href":"https:\/\/bbimmigration.ca\/es\/wp-json\/wp\/v2\/pages\/1559\/revisions"}],"predecessor-version":[{"id":1602,"href":"https:\/\/bbimmigration.ca\/es\/wp-json\/wp\/v2\/pages\/1559\/revisions\/1602"}],"wp:attachment":[{"href":"https:\/\/bbimmigration.ca\/es\/wp-json\/wp\/v2\/media?parent=1559"}],"curies":[{"name":"wp","href":"https:\/\/api.w.org\/{rel}","templated":true}]}}